{"id":9,"date":"2014-04-11T10:57:56","date_gmt":"2014-04-11T10:57:56","guid":{"rendered":"http:\/\/dev.skeleton.se\/pantamera\/?page_id=9"},"modified":"2025-03-17T10:48:37","modified_gmt":"2025-03-17T10:48:37","slug":"vi-hamtar","status":"publish","type":"page","link":"http:\/\/kalladrycker.se\/panta\/?page_id=9","title":{"rendered":"Boka h\u00e4mtning"},"content":{"rendered":"<p>Denna tj\u00e4nst \u00e4r tyv\u00e4rr inte tillg\u00e4nglig l\u00e4ngre. V\u00e4lkomna till v\u00e5r pantstation med era s\u00e4ckar.<\/p>\n","protected":false},"excerpt":{"rendered":"<p>Denna tj\u00e4nst \u00e4r tyv\u00e4rr inte tillg\u00e4nglig l\u00e4ngre. V\u00e4lkomna till v\u00e5r pantstation med era s\u00e4ckar.<\/p>\n","protected":false},"author":1,"featured_media":0,"parent":0,"menu_order":0,"comment_status":"open","ping_status":"open","template":"","meta":[],"_links":{"self":[{"href":"http:\/\/kalladrycker.se\/panta\/index.php?rest_route=\/wp\/v2\/pages\/9"}],"collection":[{"href":"http:\/\/kalladrycker.se\/panta\/index.php?rest_route=\/wp\/v2\/pages"}],"about":[{"href":"http:\/\/kalladrycker.se\/panta\/index.php?rest_route=\/wp\/v2\/types\/page"}],"author":[{"embeddable":true,"href":"http:\/\/kalladrycker.se\/panta\/index.php?rest_route=\/wp\/v2\/users\/1"}],"replies":[{"embeddable":true,"href":"http:\/\/kalladrycker.se\/panta\/index.php?rest_route=%2Fwp%2Fv2%2Fcomments&post=9"}],"version-history":[{"count":12,"href":"http:\/\/kalladrycker.se\/panta\/index.php?rest_route=\/wp\/v2\/pages\/9\/revisions"}],"predecessor-version":[{"id":681,"href":"http:\/\/kalladrycker.se\/panta\/index.php?rest_route=\/wp\/v2\/pages\/9\/revisions\/681"}],"wp:attachment":[{"href":"http:\/\/kalladrycker.se\/panta\/index.php?rest_route=%2Fwp%2Fv2%2Fmedia&parent=9"}],"curies":[{"name":"wp","href":"https:\/\/api.w.org\/{rel}","templated":true}]}}