{"id":7,"date":"2014-04-11T10:57:20","date_gmt":"2014-04-11T10:57:20","guid":{"rendered":"http:\/\/dev.skeleton.se\/pantamera\/?page_id=7"},"modified":"2025-11-25T06:49:30","modified_gmt":"2025-11-25T06:49:30","slug":"att-tanka-pa","status":"publish","type":"page","link":"http:\/\/kalladrycker.se\/panta\/?page_id=7","title":{"rendered":"V\u00e5r pantstation"},"content":{"rendered":"<p>I Malm\u00f6 har vi en pantstation d\u00e4r alla \u00e4r v\u00e4lkomna som har minst 2 s\u00e4ckar per inl\u00e4mning. Ni l\u00e4mnar era v\u00e4l \u00e5terf\u00f6rslutna plasts\u00e4ckar till oss och registrerar er i v\u00e5rt kundregister. Vi har inte samma system som pantamera d\u00e4rf\u00f6r fungerar det inte att registrera sig hos oss via deras hemsida.<br \/>\nV\u00e5r maskin r\u00e4knar er pant och vi betalar ut pengarna till ert bg\/pg eller bankkonto. Tyv\u00e4rr hanterar vi inga andra betalningss\u00e4tt just nu.<br \/>\nV\u00e5ra ordinarie utbetalningsdagar \u00e4r Onsdagar och Fredagar.<br \/>\nIdrottsf\u00f6reningar med f\u00f6reningss\u00e4ckar (gr\u00f6na med etikett) tar vi ocks\u00e5 emot.<\/p>\n<p><strong>Viktig information inf\u00f6r bes\u00f6ket:<\/strong><br \/>\nVi tar emot aluminiumburkar och PET-flaskor. P\u00e5 samma s\u00e4tt som i butik m\u00e5ste pant f\u00f6rpackningarna vara hela med en l\u00e4sbar EAN\u2011kod och ing\u00e5 i det svenska pantsystemet f\u00f6r att du ska f\u00e5 ers\u00e4ttning f\u00f6r dem. Om era PET-flaskor inneh\u00e5ller en st\u00f6rre m\u00e4ngd v\u00e4tska f\u00e5r ni ingen ers\u00e4ttning f\u00f6r flaskan. <strong>Hantera d\u00e4rf\u00f6r er pant varsamt!<\/strong><br \/>\nVi tar ocks\u00e5 emot importerade och skadade burkar och ser till att de \u00e5tervinns. Du f\u00e5r d\u00e4remot ingen pant utbetald f\u00f6r dessa burkar.<\/p>\n<p><strong>Sortera noga, noll tolerans mot sopor!<br \/>\n<\/strong>S\u00e4ckar med sopor, glasflaskor och matrester kommer inte att hanteras, utan returneras tillbaka till er. Ni riskerar ocks\u00e5 att vi inte kommer att ta emot era s\u00e4ckar fler g\u00e5nger.<br \/>\nT\u00e4nk p\u00e5 att glasflaskor inneb\u00e4r stor risk f\u00f6r personalen och haveri p\u00e5 v\u00e5r maskin!<\/p>\n<p><strong>Varf\u00f6r f\u00e5r jag inte r\u00e4tt betalt f\u00f6r panten?<br \/>\n<\/strong>T\u00e4nk p\u00e5 att skadade burkar och PET flaskor kan maskinen inte alltid r\u00e4kna, allts\u00e5 kan inte panten ers\u00e4ttas till er.<br \/>\nDet kan ocks\u00e5 bero p\u00e5 att tillverkaren har bytt form p\u00e5 produkten eller etikett. D\u00e5 m\u00e5ste tillverkaren byta EAN kod p\u00e5 produkten. N\u00e4r detta har h\u00e4nt har man tv\u00e5 \u00e5r p\u00e5 sig att panta produkten sen st\u00e4ngs den av och ingen pant kan betalas ut l\u00e4ngre. <strong>\u00c4nnu en g\u00e5ng, hantera er pant varsamt och v\u00e4nta inte f\u00f6r l\u00e4nge med att panta!<\/strong><\/p>\n","protected":false},"excerpt":{"rendered":"<p>I Malm\u00f6 har vi en pantstation d\u00e4r alla \u00e4r v\u00e4lkomna som har minst 2 s\u00e4ckar per inl\u00e4mning. Ni&#8230; <a class=\"read-more\" href=\"http:\/\/kalladrycker.se\/panta\/?page_id=7\">L&auml;s mer<\/a><\/p>\n","protected":false},"author":1,"featured_media":22,"parent":0,"menu_order":0,"comment_status":"open","ping_status":"open","template":"","meta":[],"_links":{"self":[{"href":"http:\/\/kalladrycker.se\/panta\/index.php?rest_route=\/wp\/v2\/pages\/7"}],"collection":[{"href":"http:\/\/kalladrycker.se\/panta\/index.php?rest_route=\/wp\/v2\/pages"}],"about":[{"href":"http:\/\/kalladrycker.se\/panta\/index.php?rest_route=\/wp\/v2\/types\/page"}],"author":[{"embeddable":true,"href":"http:\/\/kalladrycker.se\/panta\/index.php?rest_route=\/wp\/v2\/users\/1"}],"replies":[{"embeddable":true,"href":"http:\/\/kalladrycker.se\/panta\/index.php?rest_route=%2Fwp%2Fv2%2Fcomments&post=7"}],"version-history":[{"count":25,"href":"http:\/\/kalladrycker.se\/panta\/index.php?rest_route=\/wp\/v2\/pages\/7\/revisions"}],"predecessor-version":[{"id":705,"href":"http:\/\/kalladrycker.se\/panta\/index.php?rest_route=\/wp\/v2\/pages\/7\/revisions\/705"}],"wp:featuredmedia":[{"embeddable":true,"href":"http:\/\/kalladrycker.se\/panta\/index.php?rest_route=\/wp\/v2\/media\/22"}],"wp:attachment":[{"href":"http:\/\/kalladrycker.se\/panta\/index.php?rest_route=%2Fwp%2Fv2%2Fmedia&parent=7"}],"curies":[{"name":"wp","href":"https:\/\/api.w.org\/{rel}","templated":true}]}}