{"id":28,"date":"2014-04-14T07:55:39","date_gmt":"2014-04-14T07:55:39","guid":{"rendered":"http:\/\/dev.skeleton.se\/pantamera\/?page_id=28"},"modified":"2025-04-10T07:27:19","modified_gmt":"2025-04-10T07:27:19","slug":"mycket-pant","status":"publish","type":"page","link":"http:\/\/kalladrycker.se\/panta\/","title":{"rendered":"Mycket Pant?"},"content":{"rendered":"<p>Varmt v\u00e4lkomna till v\u00e5r pantmottagning som drivs i samarbete med Pantamera. H\u00e4r tar vi emot pant fr\u00e5n alla som \u00e4r eller vill bli kunder i det svenska pantsystemet. Klicka vidare p\u00e5 v\u00e5r hemsida s\u00e5 f\u00e5r ni veta mer.<\/p>\n","protected":false},"excerpt":{"rendered":"<p>Varmt v\u00e4lkomna till v\u00e5r pantmottagning som drivs i samarbete med Pantamera. H\u00e4r tar vi emot pant fr\u00e5n alla&#8230; <a class=\"read-more\" href=\"http:\/\/kalladrycker.se\/panta\/\">L&auml;s mer<\/a><\/p>\n","protected":false},"author":1,"featured_media":137,"parent":0,"menu_order":0,"comment_status":"open","ping_status":"open","template":"home.php","meta":[],"_links":{"self":[{"href":"http:\/\/kalladrycker.se\/panta\/index.php?rest_route=\/wp\/v2\/pages\/28"}],"collection":[{"href":"http:\/\/kalladrycker.se\/panta\/index.php?rest_route=\/wp\/v2\/pages"}],"about":[{"href":"http:\/\/kalladrycker.se\/panta\/index.php?rest_route=\/wp\/v2\/types\/page"}],"author":[{"embeddable":true,"href":"http:\/\/kalladrycker.se\/panta\/index.php?rest_route=\/wp\/v2\/users\/1"}],"replies":[{"embeddable":true,"href":"http:\/\/kalladrycker.se\/panta\/index.php?rest_route=%2Fwp%2Fv2%2Fcomments&post=28"}],"version-history":[{"count":10,"href":"http:\/\/kalladrycker.se\/panta\/index.php?rest_route=\/wp\/v2\/pages\/28\/revisions"}],"predecessor-version":[{"id":692,"href":"http:\/\/kalladrycker.se\/panta\/index.php?rest_route=\/wp\/v2\/pages\/28\/revisions\/692"}],"wp:featuredmedia":[{"embeddable":true,"href":"http:\/\/kalladrycker.se\/panta\/index.php?rest_route=\/wp\/v2\/media\/137"}],"wp:attachment":[{"href":"http:\/\/kalladrycker.se\/panta\/index.php?rest_route=%2Fwp%2Fv2%2Fmedia&parent=28"}],"curies":[{"name":"wp","href":"https:\/\/api.w.org\/{rel}","templated":true}]}}