{"id":2,"date":"2014-04-10T11:27:42","date_gmt":"2014-04-10T11:27:42","guid":{"rendered":"http:\/\/dev.skeleton.se\/pantamera\/?page_id=2"},"modified":"2025-03-17T10:55:47","modified_gmt":"2025-03-17T10:55:47","slug":"panta-pa-jobbet","status":"publish","type":"page","link":"http:\/\/kalladrycker.se\/panta\/?page_id=2","title":{"rendered":"Panta p\u00e5 jobbet"},"content":{"rendered":"<p><strong>Panta p\u00e5 jobbet?<\/strong><br \/>\nTyv\u00e4rr kommer denna tj\u00e4nst som den ser ut nu att upph\u00f6ra den 28\/2 2025.<\/p>\n<p>Returpack kommer att ta \u00f6ver tj\u00e4nsten och med det kommer det ett minimum krav p\u00e5 fem s\u00e4ckar (240 liters) f\u00f6r att f\u00e5 en h\u00e4mtning. Kan ni tillhandah\u00e5lla denna m\u00e4ngd och \u00e4r fortfarande intresserade att f\u00e5 era s\u00e4ckar h\u00e4mtade? Mer info finns p\u00e5 returpack\/pantameras hemsida <a href=\"http:\/\/www.pantamera.nu\">pantamera.nu<\/a><\/p>\n<p>Ni andra som inte klarar av denna minimum m\u00e4ngd blir h\u00e4nvisade till butik vars maskiner blir st\u00f6rre och st\u00f6rre och kan hantera hela s\u00e4ckar. Det finns ocks\u00e5 tv\u00e5 stora maskiner p\u00e5 \u00e5tervinningscentralen i  Norra Hamnen och i Bunkeflo. Vill ni s\u00e5 \u00e4r ni alltid v\u00e4lkomna med er pant till adress nedan. D\u00e4r tar vi hand om era s\u00e4ckar precis som vanligt.<\/p>\n<p>Tj\u00e4nsten g\u00e4ller fortfarande bara arbetsplatser d\u00e4r ni saknar en dryckesleverant\u00f6r som kan ta emot panten.<\/p>\n<p><strong>B\u00e4ste Kund<br \/>\n<\/strong>Vi g\u00f6r detta f\u00f6r v\u00e5r milj\u00f6.<\/p>\n<p>D\u00e4rf\u00f6r ber vi er att t\u00e4nka p\u00e5 f\u00f6ljande:<br \/>\nInga sopor eller glas flaskor i s\u00e4ckarna.<br \/>\nVi tar bara emot fulla s\u00e4ckar.<br \/>\nS\u00e4ckarna ska vara placerade vid er utg\u00e5ng i markplan<br \/>\noch v\u00e4l \u00e5terf\u00f6rslutna vid h\u00e4mtning.<\/p>\n","protected":false},"excerpt":{"rendered":"<p>Panta p\u00e5 jobbet? Tyv\u00e4rr kommer denna tj\u00e4nst som den ser ut nu att upph\u00f6ra den 28\/2 2025. Returpack&#8230; <a class=\"read-more\" href=\"http:\/\/kalladrycker.se\/panta\/?page_id=2\">L&auml;s mer<\/a><\/p>\n","protected":false},"author":1,"featured_media":637,"parent":0,"menu_order":0,"comment_status":"open","ping_status":"closed","template":"","meta":[],"_links":{"self":[{"href":"http:\/\/kalladrycker.se\/panta\/index.php?rest_route=\/wp\/v2\/pages\/2"}],"collection":[{"href":"http:\/\/kalladrycker.se\/panta\/index.php?rest_route=\/wp\/v2\/pages"}],"about":[{"href":"http:\/\/kalladrycker.se\/panta\/index.php?rest_route=\/wp\/v2\/types\/page"}],"author":[{"embeddable":true,"href":"http:\/\/kalladrycker.se\/panta\/index.php?rest_route=\/wp\/v2\/users\/1"}],"replies":[{"embeddable":true,"href":"http:\/\/kalladrycker.se\/panta\/index.php?rest_route=%2Fwp%2Fv2%2Fcomments&post=2"}],"version-history":[{"count":31,"href":"http:\/\/kalladrycker.se\/panta\/index.php?rest_route=\/wp\/v2\/pages\/2\/revisions"}],"predecessor-version":[{"id":685,"href":"http:\/\/kalladrycker.se\/panta\/index.php?rest_route=\/wp\/v2\/pages\/2\/revisions\/685"}],"wp:featuredmedia":[{"embeddable":true,"href":"http:\/\/kalladrycker.se\/panta\/index.php?rest_route=\/wp\/v2\/media\/637"}],"wp:attachment":[{"href":"http:\/\/kalladrycker.se\/panta\/index.php?rest_route=%2Fwp%2Fv2%2Fmedia&parent=2"}],"curies":[{"name":"wp","href":"https:\/\/api.w.org\/{rel}","templated":true}]}}