{"id":13,"date":"2014-04-11T10:59:21","date_gmt":"2014-04-11T10:59:21","guid":{"rendered":"http:\/\/dev.skeleton.se\/pantamera\/?page_id=13"},"modified":"2021-06-21T07:19:14","modified_gmt":"2021-06-21T07:19:14","slug":"har-finns-vi","status":"publish","type":"page","link":"http:\/\/kalladrycker.se\/panta\/?page_id=13","title":{"rendered":"H\u00e4r finns vi"},"content":{"rendered":"<p><strong>K\u00e4glingev\u00e4gen 23<\/strong><br><strong>Fr\u00e5n Malm\u00f6<\/strong><br>Efter sista rondellen (Kantyxegatan-Boplatsgatan) k\u00f6r hundra meter, sv\u00e4ng h\u00f6ger vid skylten Fredriksbergs industrihus.<\/p>\n<p>Ni hittar oss l\u00e4ngst ner p\u00e5 gatan till h\u00f6ger.<br>V\u00e4lkommen!<\/p>\n\n\n<p><\/p>\n","protected":false},"excerpt":{"rendered":"<p>K\u00e4glingev\u00e4gen 23Fr\u00e5n Malm\u00f6Efter sista rondellen (Kantyxegatan-Boplatsgatan) k\u00f6r hundra meter, sv\u00e4ng h\u00f6ger vid skylten Fredriksbergs industrihus. Ni hittar oss&#8230; <a class=\"read-more\" href=\"http:\/\/kalladrycker.se\/panta\/?page_id=13\">L&auml;s mer<\/a><\/p>\n","protected":false},"author":1,"featured_media":18,"parent":0,"menu_order":0,"comment_status":"open","ping_status":"closed","template":"find-us.php","meta":[],"_links":{"self":[{"href":"http:\/\/kalladrycker.se\/panta\/index.php?rest_route=\/wp\/v2\/pages\/13"}],"collection":[{"href":"http:\/\/kalladrycker.se\/panta\/index.php?rest_route=\/wp\/v2\/pages"}],"about":[{"href":"http:\/\/kalladrycker.se\/panta\/index.php?rest_route=\/wp\/v2\/types\/page"}],"author":[{"embeddable":true,"href":"http:\/\/kalladrycker.se\/panta\/index.php?rest_route=\/wp\/v2\/users\/1"}],"replies":[{"embeddable":true,"href":"http:\/\/kalladrycker.se\/panta\/index.php?rest_route=%2Fwp%2Fv2%2Fcomments&post=13"}],"version-history":[{"count":12,"href":"http:\/\/kalladrycker.se\/panta\/index.php?rest_route=\/wp\/v2\/pages\/13\/revisions"}],"predecessor-version":[{"id":463,"href":"http:\/\/kalladrycker.se\/panta\/index.php?rest_route=\/wp\/v2\/pages\/13\/revisions\/463"}],"wp:featuredmedia":[{"embeddable":true,"href":"http:\/\/kalladrycker.se\/panta\/index.php?rest_route=\/wp\/v2\/media\/18"}],"wp:attachment":[{"href":"http:\/\/kalladrycker.se\/panta\/index.php?rest_route=%2Fwp%2Fv2%2Fmedia&parent=13"}],"curies":[{"name":"wp","href":"https:\/\/api.w.org\/{rel}","templated":true}]}}