{"id":11,"date":"2014-04-11T10:58:50","date_gmt":"2014-04-11T10:58:50","guid":{"rendered":"http:\/\/dev.skeleton.se\/pantamera\/?page_id=11"},"modified":"2025-01-09T11:02:13","modified_gmt":"2025-01-09T11:02:13","slug":"tjanamera","status":"publish","type":"page","link":"http:\/\/kalladrycker.se\/panta\/?page_id=11","title":{"rendered":"Tj\u00e4namera"},"content":{"rendered":"<p>Alla f\u00f6reningar kan tj\u00e4na extra pengar genom att samla in pant. En f\u00f6rening i Sl\u00f6inge fick ihop s\u00e5 mycket som 87 000 kronor under f\u00f6rra \u00e5ret, och h\u00e4r i Malm\u00f6 har vi haft idrottsf\u00f6reningar som tj\u00e4nat s\u00e5 mycket som 10 000 kronor p\u00e5 n\u00e5gra timmars arbete.<\/p>\n<p><strong>S\u00e5 f\u00e5r ni ihop mycket pant:<\/strong><br \/>\nKnacka d\u00f6rr i kvarter, be de boende att sponsra er f\u00f6rening genom att sk\u00e4nka sin pant till er.<br \/>\nDela g\u00e4rna ut ett litet flygblad innan d\u00e4r ni ber\u00e4ttar vem ni \u00e4r och n\u00e4r ni t\u00e4nker komma och h\u00e4mta pant.<\/p>\n<p><strong>Vill ni ha fler tips?<\/strong><br \/>\nG\u00e5 in p\u00e5 <a href=\"http:\/\/www.pantamera.nu\/tjanamera\">www.pantamera.nu\/tjanamera<\/a><\/p>\n","protected":false},"excerpt":{"rendered":"<p>Alla f\u00f6reningar kan tj\u00e4na extra pengar genom att samla in pant. En f\u00f6rening i Sl\u00f6inge fick ihop s\u00e5&#8230; <a class=\"read-more\" href=\"http:\/\/kalladrycker.se\/panta\/?page_id=11\">L&auml;s mer<\/a><\/p>\n","protected":false},"author":1,"featured_media":0,"parent":0,"menu_order":0,"comment_status":"open","ping_status":"open","template":"","meta":[],"_links":{"self":[{"href":"http:\/\/kalladrycker.se\/panta\/index.php?rest_route=\/wp\/v2\/pages\/11"}],"collection":[{"href":"http:\/\/kalladrycker.se\/panta\/index.php?rest_route=\/wp\/v2\/pages"}],"about":[{"href":"http:\/\/kalladrycker.se\/panta\/index.php?rest_route=\/wp\/v2\/types\/page"}],"author":[{"embeddable":true,"href":"http:\/\/kalladrycker.se\/panta\/index.php?rest_route=\/wp\/v2\/users\/1"}],"replies":[{"embeddable":true,"href":"http:\/\/kalladrycker.se\/panta\/index.php?rest_route=%2Fwp%2Fv2%2Fcomments&post=11"}],"version-history":[{"count":9,"href":"http:\/\/kalladrycker.se\/panta\/index.php?rest_route=\/wp\/v2\/pages\/11\/revisions"}],"predecessor-version":[{"id":647,"href":"http:\/\/kalladrycker.se\/panta\/index.php?rest_route=\/wp\/v2\/pages\/11\/revisions\/647"}],"wp:attachment":[{"href":"http:\/\/kalladrycker.se\/panta\/index.php?rest_route=%2Fwp%2Fv2%2Fmedia&parent=11"}],"curies":[{"name":"wp","href":"https:\/\/api.w.org\/{rel}","templated":true}]}}